{"id":63,"date":"2025-11-04T15:09:17","date_gmt":"2025-11-04T15:09:17","guid":{"rendered":"https:\/\/thelittlenest.eu\/?page_id=63"},"modified":"2026-03-14T23:05:59","modified_gmt":"2026-03-14T23:05:59","slug":"contacto","status":"publish","type":"page","link":"https:\/\/thelittlenest.eu\/en\/contacto\/","title":{"rendered":"Contact"},"content":{"rendered":"\n<div class=\"wp-block-group has-foreground-background-color has-background has-medium-font-size is-content-justification-center is-layout-constrained wp-container-core-group-is-layout-3dd360c4 wp-block-group-is-layout-constrained\" style=\"padding-top:16px;padding-right:16px;padding-bottom:16px;padding-left:16px\">\n<div style=\"margin-top: 50px;\">\u00a0<\/div>\n<section class=\"contact-section\" style=\"max-width: 900px; margin: 0 auto; padding: 60px 20px; text-align: center; font-family: 'Poppins',sans-serif;\">\n<h2 style=\"font-size: 2.2em; color: #4b2b15; margin-bottom: 10px;\">Cont\u00e1ctanos<\/h2>\n<p style=\"color: #5b4d44; margin-bottom: 40px; font-size: 1.1em;\">Si tienes dudas, sugerencias o quieres canjear tu c\u00f3digo de descuento, completa el siguiente formulario.<br \/>Te responderemos con mucho gusto \ud83d\udc8c<\/p>\n<div style=\"background: #fffaf3; border: 1px solid #f0e6d6; border-radius: 16px; box-shadow: 0 4px 18px rgba(0,0,0,0.08); padding: 40px;\"><style id=\"wpforms-css-vars-65\">\n\t\t\t\t#wpforms-65 {\n\t\t\t\t--wpforms-field-border-color: rgba(0, 0, 0, 0.25);\n--wpforms-field-border-color-spare: rgba(0, 0, 0, 0.25);\n--wpforms-field-text-color: rgba(0, 0, 0, 0.7);\n--wpforms-label-color: rgba(0, 0, 0, 0.85);\n--wpforms-label-sublabel-color: rgba(0, 0, 0, 0.55);\n--wpforms-button-background-color: #943A12;\n--wpforms-button-text-color: #FAF3E0;\n--wpforms-container-padding: 0px;\n--wpforms-container-border-width: 1px;\n--wpforms-container-border-radius: 3px;\n--wpforms-background-color: rgba(0, 0, 0, 0);\n--wpforms-field-size-input-height: 43px;\n--wpforms-field-size-input-spacing: 15px;\n--wpforms-field-size-font-size: 16px;\n--wpforms-field-size-line-height: 19px;\n--wpforms-field-size-padding-h: 14px;\n--wpforms-field-size-checkbox-size: 16px;\n--wpforms-field-size-sublabel-spacing: 5px;\n--wpforms-field-size-icon-size: 1;\n--wpforms-label-size-font-size: 16px;\n--wpforms-label-size-line-height: 19px;\n--wpforms-label-size-sublabel-font-size: 14px;\n--wpforms-label-size-sublabel-line-height: 17px;\n--wpforms-button-size-font-size: 17px;\n--wpforms-button-size-height: 41px;\n--wpforms-button-size-padding-h: 15px;\n--wpforms-button-size-margin-top: 10px;\n--wpforms-container-shadow-size-box-shadow: none;\n\t\t\t}\n\t\t\t<\/style><div class=\"wpforms-container wpforms-container-full wpforms-render-modern\" id=\"wpforms-65\"><form id=\"wpforms-form-65\" class=\"wpforms-validate wpforms-form wpforms-ajax-form\" data-formid=\"65\" method=\"post\" enctype=\"multipart\/form-data\" action=\"\/en\/wp-json\/wp\/v2\/pages\/63\" data-token=\"0306a19a53e97a12be8bf096695bbec6\" data-token-time=\"1775415044\"><noscript class=\"wpforms-error-noscript\">Please enable JavaScript in your browser to complete this form.<\/noscript><div id=\"wpforms-error-noscript\" style=\"display: none;\">Please enable JavaScript in your browser to complete this form.<\/div><div class=\"wpforms-field-container\"><div id=\"wpforms-65-field_1-container\" class=\"wpforms-field wpforms-field-name\" data-field-id=\"1\"><fieldset><legend class=\"wpforms-field-label\">Nombre Completo <span class=\"wpforms-required-label\" aria-hidden=\"true\">*<\/span><\/legend><div class=\"wpforms-field-row wpforms-field-large\"><div class=\"wpforms-field-row-block wpforms-first wpforms-one-half\"><input type=\"text\" id=\"wpforms-65-field_1\" class=\"wpforms-field-name-first wpforms-field-required\" name=\"wpforms[fields][1][first]\" aria-errormessage=\"wpforms-65-field_1-error\" required><label for=\"wpforms-65-field_1\" class=\"wpforms-field-sublabel after\">First<\/label><\/div><div class=\"wpforms-field-row-block wpforms-one-half\"><input type=\"text\" id=\"wpforms-65-field_1-last\" class=\"wpforms-field-name-last wpforms-field-required\" name=\"wpforms[fields][1][last]\" aria-errormessage=\"wpforms-65-field_1-last-error\" required><label for=\"wpforms-65-field_1-last\" class=\"wpforms-field-sublabel after\">Last<\/label><\/div><\/div><\/fieldset><\/div>\t\t<div id=\"wpforms-65-field_7-container\"\n\t\t\tclass=\"wpforms-field wpforms-field-text\"\n\t\t\tdata-field-type=\"text\"\n\t\t\tdata-field-id=\"7\"\n\t\t\t>\n\t\t\t<label class=\"wpforms-field-label\" for=\"wpforms-65-field_7\" >descuento  Correo<\/label>\n\t\t\t<input type=\"text\" id=\"wpforms-65-field_7\" class=\"wpforms-field-medium\" name=\"wpforms[fields][7]\" >\n\t\t<\/div>\n\t\t<div id=\"wpforms-65-field_2-container\" class=\"wpforms-field wpforms-field-email\" data-field-id=\"2\"><label class=\"wpforms-field-label\" for=\"wpforms-65-field_2\">Correo electr\u00f3nico <span class=\"wpforms-required-label\" aria-hidden=\"true\">*<\/span><\/label><input type=\"email\" id=\"wpforms-65-field_2\" class=\"wpforms-field-large wpforms-field-required\" name=\"wpforms[fields][2]\" spellcheck=\"false\" aria-errormessage=\"wpforms-65-field_2-error\" required><\/div><div id=\"wpforms-65-field_3-container\" class=\"wpforms-field wpforms-field-select wpforms-field-select-style-classic\" data-field-id=\"3\"><label class=\"wpforms-field-label\" for=\"wpforms-65-field_3\">Motivo de contacto <span class=\"wpforms-required-label\" aria-hidden=\"true\">*<\/span><\/label><select id=\"wpforms-65-field_3\" class=\"wpforms-field-large wpforms-field-required\" name=\"wpforms[fields][3]\" required=\"required\"><option value=\"\" class=\"placeholder\" disabled  selected='selected'>-- Selecciona la opci\u00f3n --<\/option><option value=\"Tengo un c\u00f3digo de descuento\"  class=\"choice-1 depth-1\"  >Tengo un c\u00f3digo de descuento<\/option><option value=\"Consulta sobre el producto\"  class=\"choice-2 depth-1\"  >Consulta sobre el producto<\/option><option value=\"Sugerencias \/ feedback\"  class=\"choice-3 depth-1\"  >Sugerencias \/ feedback<\/option><option value=\"Quiero vender el producto en mi tienda\"  class=\"choice-5 depth-1\"  >Quiero vender el producto en mi tienda<\/option><option value=\"Otro\"  class=\"choice-4 depth-1\"  >Otro<\/option><\/select><\/div><div id=\"wpforms-65-field_4-container\" class=\"wpforms-field wpforms-field-text ocultar-campo\" data-field-id=\"4\"><label class=\"wpforms-field-label\" for=\"wpforms-65-field_4\">C\u00f3digo de descuento<\/label><input type=\"text\" id=\"wpforms-65-field_4\" class=\"wpforms-field-large\" name=\"wpforms[fields][4]\" aria-errormessage=\"wpforms-65-field_4-error\" aria-describedby=\"wpforms-65-field_4-description\" ><div id=\"wpforms-65-field_4-description\" class=\"wpforms-field-description\">Introduce el c\u00f3digo impreso en el interior de la caja\n<\/div><\/div><div id=\"wpforms-65-field_5-container\" class=\"wpforms-field wpforms-field-textarea\" data-field-id=\"5\"><label class=\"wpforms-field-label\" for=\"wpforms-65-field_5\">D\u00e9janos un mensaje <\/label><textarea id=\"wpforms-65-field_5\" class=\"wpforms-field-medium\" name=\"wpforms[fields][5]\" aria-errormessage=\"wpforms-65-field_5-error\" ><\/textarea><\/div><div id=\"wpforms-65-field_6-container\" class=\"wpforms-field wpforms-field-checkbox\" data-field-id=\"6\"><fieldset><legend class=\"wpforms-field-label\">Verificaci\u00f3n de privacidad <span class=\"wpforms-required-label\" aria-hidden=\"true\">*<\/span><\/legend><ul id=\"wpforms-65-field_6\" class=\"wpforms-field-required\"><li class=\"choice-1 depth-1\"><input type=\"checkbox\" id=\"wpforms-65-field_6_1\" name=\"wpforms[fields][6][]\" value=\"He le\u00eddo y acepto la &lt;a href=&quot;\/politica-de-privacidad&quot; target=&quot;_blank&quot;&gt;pol\u00edtica de privacidad&lt;\/a&gt; de The Little Nest.\" aria-errormessage=\"wpforms-65-field_6_1-error\" required ><label class=\"wpforms-field-label-inline\" for=\"wpforms-65-field_6_1\">He le\u00eddo y acepto la <a href=\"\/politica-de-privacidad\" target=\"_blank\">pol\u00edtica de privacidad<\/a> de The Little Nest.<\/label><\/li><\/ul><\/fieldset><\/div><script>\n\t\t\t\t( function() {\n\t\t\t\t\tconst style = document.createElement( 'style' );\n\t\t\t\t\tstyle.appendChild( document.createTextNode( '#wpforms-65-field_7-container { position: absolute !important; overflow: hidden !important; display: inline !important; height: 1px !important; width: 1px !important; z-index: -1000 !important; padding: 0 !important; } #wpforms-65-field_7-container input { visibility: hidden; } #wpforms-conversational-form-page #wpforms-65-field_7-container label { counter-increment: none; }' ) );\n\t\t\t\t\tdocument.head.appendChild( style );\n\t\t\t\t\tdocument.currentScript?.remove();\n\t\t\t\t} )();\n\t\t\t<\/script><\/div><!-- .wpforms-field-container --><div class=\"wpforms-submit-container\" ><input type=\"hidden\" name=\"wpforms[id]\" value=\"65\"><input type=\"hidden\" name=\"page_title\" value=\"\"><input type=\"hidden\" name=\"page_url\" value=\"https:\/\/thelittlenest.eu\/en\/wp-json\/wp\/v2\/pages\/63\"><input type=\"hidden\" name=\"url_referer\" value=\"\"><button type=\"submit\" name=\"wpforms[submit]\" id=\"wpforms-submit-65\" class=\"wpforms-submit\" data-alt-text=\"Enviando...\" data-submit-text=\"Enviar\" aria-live=\"assertive\" value=\"wpforms-submit\">Enviar<\/button><img loading=\"lazy\" decoding=\"async\" src=\"https:\/\/thelittlenest.eu\/wp-content\/plugins\/wpforms-lite\/assets\/images\/submit-spin.svg\" class=\"wpforms-submit-spinner\" style=\"display: none;\" width=\"26\" height=\"26\" alt=\"Loading\"><\/div><\/form><\/div>  <!-- .wpforms-container --><\/div>\n<p style=\"margin-top: 40px; font-size: 0.9em; color: #85735e;\">Al enviar este formulario aceptas nuestra <a style=\"color: #c26a2e; text-decoration: none;\" href=\"\/politica-de-privacidad\">pol\u00edtica de privacidad<\/a>.<\/p>\n<\/p>\n<\/section>\n\n\n\n<div class=\"wp-block-columns is-layout-flex wp-container-core-columns-is-layout-28f84493 wp-block-columns-is-layout-flex\">\n<div class=\"wp-block-column is-layout-flow wp-block-column-is-layout-flow\">\n<div class=\"wp-block-columns is-layout-flex wp-container-core-columns-is-layout-28f84493 wp-block-columns-is-layout-flex\">\n<div class=\"wp-block-column contact-info is-layout-flow wp-block-column-is-layout-flow\">\n<div style=\"height:10px\" aria-hidden=\"true\" class=\"wp-block-spacer\"><\/div>\n\n\n\n<p class=\"has-custom-color-4-color has-text-color has-link-color has-montserrat-font-family wp-elements-fce8f83afc927ae517d420d67318023d\" style=\"font-size:22px\"><strong>Informaci\u00f3n de contacto<\/strong><\/p>\n\n\n\n<p class=\"has-custom-color-4-color has-text-color has-link-color has-montserrat-font-family wp-elements-2e3caee0c15ef16791559d2b4bd5291e\" style=\"font-size:16px\"><strong>Correo electr\u00f3nico<\/strong><br>Contacto@thelittlenest.eu<\/p>\n\n\n\n<p class=\"has-custom-color-4-color has-text-color has-link-color has-montserrat-font-family wp-elements-c12abe6f835242ef99e49ba323502b08\" style=\"font-size:16px\"><strong>Tel\u00e9fono<\/strong><br>(+34) 66 4378717<\/p>\n\n\n\n<p class=\"has-custom-color-4-color has-text-color has-link-color has-montserrat-font-family wp-elements-d8fe9b3d1fd421f2c16ceca9ae4785eb\" style=\"font-size:16px\"><strong>Direcci\u00f3n<\/strong><br><strong>Alicante \/ Alacant<\/strong><br>Alicante, CP 03540<br><\/p>\n\n\n\n<p class=\"has-custom-color-4-color has-text-color has-link-color has-montserrat-font-family wp-elements-30cac858b694618c50146a54116b6e31\" style=\"font-size:16px\"><strong>Horario de atenci\u00f3n<\/strong><br>Lunes a viernes<\/p>\n\n\n\n<p class=\"has-custom-color-4-color has-text-color has-link-color has-montserrat-font-family wp-elements-e5469a31afa8559adbaf3c6edcb716b5\" style=\"font-size:16px\">Tiempo de respuesta aproximado:<br>menos de <strong>24<\/strong> horas<\/p>\n\n\n\n<div style=\"height:8px\" aria-hidden=\"true\" class=\"wp-block-spacer\"><\/div>\n<\/div>\n\n\n\n<div class=\"wp-block-column is-layout-flow wp-block-column-is-layout-flow\">\n<figure class=\"wp-block-image size-large is-resized\"><img loading=\"lazy\" decoding=\"async\" width=\"1024\" height=\"683\" src=\"https:\/\/thelittlenest.eu\/wp-content\/uploads\/2026\/01\/ChatGPT-Image-6-ene-2026-22_57_57-1024x683.png\" alt=\"\" class=\"wp-image-1419\" style=\"object-fit:cover;width:1400px;height:480px\"\/><\/figure>\n<\/div>\n<\/div>\n<\/div>\n<\/div>\n<\/div>\n\n\n\n<script>\ndocument.addEventListener('DOMContentLoaded', function() {\n    \/\/ IDs confirmados por ti\n    const selectMotivo = document.getElementById('wpforms-65-field_3');\n    const campoDescuento = document.getElementById('wpforms-65-field_4-container');\n\n    if (selectMotivo && campoDescuento) {\n        \/\/ Usamos 'change' e 'input' para m\u00e1xima compatibilidad en iPhone\n        ['change', 'input'].forEach(evt => {\n            selectMotivo.addEventListener(evt, function() {\n                \n                \/\/ IMPORTANTE: Verifica que este texto sea EXACTO al de tu opci\u00f3n\n                const opcionSeleccionada = \"Tengo un c\u00f3digo de descuento\";\n\n                if (this.value === opcionSeleccionada) {\n                    campoDescuento.classList.remove('ocultar-campo');\n                } else {\n                    campoDescuento.classList.add('ocultar-campo');\n                }\n            });\n        });\n    }\n});\n<\/script>\n\n\n\n<p><\/p>\n","protected":false},"excerpt":{"rendered":"<p>\u00a0 Cont\u00e1ctanos Si tienes dudas, sugerencias o quieres canjear tu c\u00f3digo de descuento, completa el siguiente formulario.Te responderemos con mucho gusto \ud83d\udc8c Al enviar este formulario aceptas nuestra pol\u00edtica de privacidad. Informaci\u00f3n de contacto Correo electr\u00f3nicoContacto@thelittlenest.eu Tel\u00e9fono(+34) 66 4378717 Direcci\u00f3nAlicante \/ AlacantAlicante, CP 03540 Horario de atenci\u00f3nLunes a viernes Tiempo de respuesta aproximado:menos de 24 [&hellip;]<\/p>\n","protected":false},"author":1,"featured_media":0,"parent":0,"menu_order":0,"comment_status":"closed","ping_status":"closed","template":"","meta":{"_glsr_average":0,"_glsr_ranking":0,"_glsr_reviews":0,"footnotes":""},"class_list":["post-63","page","type-page","status-publish","hentry"],"_links":{"self":[{"href":"https:\/\/thelittlenest.eu\/en\/wp-json\/wp\/v2\/pages\/63","targetHints":{"allow":["GET"]}}],"collection":[{"href":"https:\/\/thelittlenest.eu\/en\/wp-json\/wp\/v2\/pages"}],"about":[{"href":"https:\/\/thelittlenest.eu\/en\/wp-json\/wp\/v2\/types\/page"}],"author":[{"embeddable":true,"href":"https:\/\/thelittlenest.eu\/en\/wp-json\/wp\/v2\/users\/1"}],"replies":[{"embeddable":true,"href":"https:\/\/thelittlenest.eu\/en\/wp-json\/wp\/v2\/comments?post=63"}],"version-history":[{"count":78,"href":"https:\/\/thelittlenest.eu\/en\/wp-json\/wp\/v2\/pages\/63\/revisions"}],"predecessor-version":[{"id":2186,"href":"https:\/\/thelittlenest.eu\/en\/wp-json\/wp\/v2\/pages\/63\/revisions\/2186"}],"wp:attachment":[{"href":"https:\/\/thelittlenest.eu\/en\/wp-json\/wp\/v2\/media?parent=63"}],"curies":[{"name":"wp","href":"https:\/\/api.w.org\/{rel}","templated":true}]}}