{"id":878,"date":"2026-01-06T18:52:37","date_gmt":"2026-01-06T18:52:37","guid":{"rendered":"https:\/\/thelittlenest.eu\/?page_id=878"},"modified":"2026-03-14T23:06:43","modified_gmt":"2026-03-14T23:06:43","slug":"sobre-nosotros","status":"publish","type":"page","link":"https:\/\/thelittlenest.eu\/en\/sobre-nosotros\/","title":{"rendered":"About Us"},"content":{"rendered":"<div class=\"wp-block-columns is-layout-flex wp-container-core-columns-is-layout-28f84493 wp-block-columns-is-layout-flex\">\n<div class=\"wp-block-column has-custom-color-4-background-color has-background is-layout-flow wp-block-column-is-layout-flow\">\n<section class=\"header-image\">\n  <img decoding=\"async\"\n    src=\"https:\/\/thelittlenest.eu\/wp-content\/uploads\/2026\/01\/imagen_2026-01-06_154930095-e1767725431475.png\"\n    alt=\"The Little Nest nursery\"\n  >\n<\/section>\n\n\n\n<div class=\"wp-block-columns are-vertically-aligned-center has-custom-color-4-background-color has-background is-layout-flex wp-container-core-columns-is-layout-28f84493 wp-block-columns-is-layout-flex\">\n<div class=\"wp-block-column is-vertically-aligned-center is-layout-flow wp-block-column-is-layout-flow\">\n<p><\/p>\n<\/div>\n\n\n\n<div class=\"wp-block-column is-vertically-aligned-center is-layout-flow wp-block-column-is-layout-flow\"><\/div>\n<\/div>\n\n\n\n<div class=\"wp-block-group is-layout-constrained wp-block-group-is-layout-constrained\">\n<div class=\"wp-block-group about-content-row has-custom-color-4-background-color has-background is-nowrap is-layout-flex wp-container-core-group-is-layout-ab2f65d1 wp-block-group-is-layout-flex\" style=\"border-top-left-radius:39px;border-top-right-radius:39px;border-bottom-left-radius:39px;border-bottom-right-radius:39px;margin-top:0;margin-bottom:0;padding-top:0;padding-right:0;padding-bottom:0;padding-left:0\">\n<div class=\"wp-block-group is-vertical is-layout-flex wp-container-core-group-is-layout-5bba9bee wp-block-group-is-layout-flex\" style=\"padding-top:0;padding-right:var(--wp--preset--spacing--60);padding-bottom:0;padding-left:var(--wp--preset--spacing--60)\">\n<h2 class=\"wp-block-heading has-custom-color-2-color has-text-color has-link-color has-montserrat-font-family wp-elements-008fe4792c6fa991ab68c195d875319a\">About<br>The Little Nest  <\/h2>\n\n\n\n<h4 class=\"wp-block-heading has-text-align-left has-custom-color-2-color has-text-color has-link-color has-montserrat-font-family wp-elements-be915c3c35bfa1f50ddf5433c9d207f1\" style=\"padding-right:0;padding-left:0\">A nest of dreams and experiences<\/h4>\n\n\n\n<p class=\"has-custom-color-2-color has-text-color has-link-color has-montserrat-font-family has-small-font-size wp-elements-772b691693856fee8f520ac76210b904\" style=\"padding-top:var(--wp--preset--spacing--30);padding-bottom:var(--wp--preset--spacing--30)\">We are a couple of dreamers, entrepreneurs and, above all,<br> passionate about creating something that makes a difference. Together we have explored different business worlds and learned from every challenge.<\/p>\n\n\n\n<p class=\"has-custom-color-2-color has-text-color has-link-color has-montserrat-font-family has-small-font-size wp-elements-4252a0182fe96b058dc1954d86d685d8\">But there was one area that left an indelible mark on us: the world of little ones.<br>For years, we were dedicated to the sale of clothing and accessories for babies and children, always through third-party brands. <br>That experience taught us the most important thing: families need products designed with love, practicality and real quality.<\/p>\n\n\n\n<p class=\"has-custom-color-2-color has-text-color has-link-color has-montserrat-font-family has-small-font-size wp-elements-d5cea5a92eaa052a612785f6d70a9fe9\">That's how The Little Nest was born, a space where design meets functionality to accompany the day-to-day life of moms, dads and kids. We obsess over every detail, from materials to usability, because we know that the difference is in the simple: in what really makes life easier.<\/p>\n\n\n\n<div style=\"height:58px\" aria-hidden=\"true\" class=\"wp-block-spacer wp-container-content-435e978a\"><\/div>\n<\/div>\n\n\n\n<div class=\"wp-block-group is-vertical is-layout-flex wp-container-core-group-is-layout-36a588e3 wp-block-group-is-layout-flex\" style=\"padding-top:0;padding-right:var(--wp--preset--spacing--40);padding-bottom:0;padding-left:var(--wp--preset--spacing--40)\">\n<h3 class=\"wp-block-heading has-text-align-center .about-heading-right has-custom-color-2-color has-text-color has-link-color has-montserrat-font-family wp-elements-53134732e3b037a3d1f4264c23fee68f\" style=\"padding-top:0;padding-right:0px;padding-bottom:0;padding-left:0px\">A touch of love in every nest<\/h3>\n\n\n\n<p class=\"has-custom-color-2-color has-text-color has-link-color has-montserrat-font-family has-small-font-size wp-elements-e7356792c4a4e698f6b259fbb975ad44\" style=\"padding-top:var(--wp--preset--spacing--40);padding-bottom:var(--wp--preset--spacing--40)\">Today, our dream is taking flight. From Europe, our brand is growing in the digital world, and in Argentina, we are paving the way for The Little Nest to reach homes through our own and third-party physical stores.<\/p>\n\n\n\n<p class=\"has-custom-color-2-color has-text-color has-link-color has-montserrat-font-family has-small-font-size wp-elements-874435ce1502b65612dbd49cc5f68640\">This is our commitment: more than a brand, we want to be that little nest where quality, warmth and practicality meet.<br>Thank you for being part of this journey. \ud83e\udde1<\/p>\n\n\n\n<figure class=\"wp-block-image size-full has-custom-border imagen-0-about-us\" style=\"margin-top:var(--wp--preset--spacing--30);margin-bottom:var(--wp--preset--spacing--30)\"><img loading=\"lazy\" decoding=\"async\" width=\"693\" height=\"296\" src=\"https:\/\/thelittlenest.eu\/wp-content\/uploads\/2026\/01\/imagen_2026-01-06_181839892-e1767734386755.png\" alt=\"\" class=\"wp-image-1140\" style=\"border-top-left-radius:20px;border-top-right-radius:20px;border-bottom-left-radius:20px;border-bottom-right-radius:20px;object-fit:cover\" srcset=\"https:\/\/thelittlenest.eu\/wp-content\/uploads\/2026\/01\/imagen_2026-01-06_181839892-e1767734386755.png 693w, https:\/\/thelittlenest.eu\/wp-content\/uploads\/2026\/01\/imagen_2026-01-06_181839892-e1767734386755-300x128.png 300w, https:\/\/thelittlenest.eu\/wp-content\/uploads\/2026\/01\/imagen_2026-01-06_181839892-e1767734386755-18x8.png 18w\" sizes=\"auto, (max-width: 693px) 100vw, 693px\" \/><\/figure>\n<\/div>\n<\/div>\n\n\n\n<div class=\"wp-block-group about-final-section has-custom-color-4-background-color has-background is-layout-constrained wp-container-core-group-is-layout-c06d165c wp-block-group-is-layout-constrained\" style=\"padding-top:0;padding-right:0;padding-bottom:0;padding-left:0\">\n<div class=\"wp-block-group about-content-row is-nowrap is-layout-flex wp-container-core-group-is-layout-6c531013 wp-block-group-is-layout-flex\">\n<div style=\"height:100px;width:188px\" aria-hidden=\"true\" class=\"wp-block-spacer wp-container-content-c5aec9d9\"><\/div>\n\n\n\n<div class=\"wp-block-group has-custom-color-4-background-color has-background is-vertical is-layout-flex wp-container-core-group-is-layout-fe9cc265 wp-block-group-is-layout-flex\">\n<p class=\"has-text-align-left has-custom-color-6-color has-text-color has-link-color has-montserrat-font-family has-regular-font-size wp-elements-c1722916d868985b162b81868b1b68d4\" style=\"padding-top:0;padding-right:0;padding-bottom:0;padding-left:0\"><strong>The Little Nest<\/strong><\/p>\n\n\n\n<p class=\"has-text-align-left has-custom-color-2-color has-text-color has-link-color has-montserrat-font-family wp-elements-e99720274bfcefa5ea3c6259cb0ae29f\" style=\"margin-right:0;margin-left:0;padding-right:0;padding-left:0;font-size:50px\"><strong><strong>A touch of<br>love in every<br>nest<\/strong><\/strong><\/p>\n\n\n\n<a href=\"https:\/\/thelittlenest.eu\/en\/contacto\/\" class=\"boton-1-about-us\">\n  Contact us\n<\/a>\n<\/div>\n\n\n\n<div style=\"height:100px;width:101px\" aria-hidden=\"true\" class=\"wp-block-spacer wp-container-content-8a17e955\"><\/div>\n\n\n\n<div class=\"wp-block-group is-vertical is-layout-flex wp-container-core-group-is-layout-fe9cc265 wp-block-group-is-layout-flex\">\n<p class=\"about-final-contact has-custom-color-2-color has-text-color has-link-color wp-elements-e3f98466cca9770ef7748c3367408bf3\">Contacto@thelittlenest.eu<br>(+34) 66-4378717<br>Alicante\/Alacant.<br>Alicante CP 03540<\/p>\n\n\n\n<ul class=\"wp-block-social-links about-final-socials is-layout-flex wp-block-social-links-is-layout-flex\"><li class=\"wp-social-link wp-social-link-instagram  wp-block-social-link\"><a href=\"https:\/\/www.instagram.com\/thelittlenest.ok?igsh=Y2o4eHAwY2M2ZXVi\" class=\"wp-block-social-link-anchor\"><svg width=\"24\" height=\"24\" viewbox=\"0 0 24 24\" version=\"1.1\" xmlns=\"http:\/\/www.w3.org\/2000\/svg\" aria-hidden=\"true\" focusable=\"false\"><path d=\"M12,4.622c2.403,0,2.688,0.009,3.637,0.052c0.877,0.04,1.354,0.187,1.671,0.31c0.42,0.163,0.72,0.358,1.035,0.673 c0.315,0.315,0.51,0.615,0.673,1.035c0.123,0.317,0.27,0.794,0.31,1.671c0.043,0.949,0.052,1.234,0.052,3.637 s-0.009,2.688-0.052,3.637c-0.04,0.877-0.187,1.354-0.31,1.671c-0.163,0.42-0.358,0.72-0.673,1.035 c-0.315,0.315-0.615,0.51-1.035,0.673c-0.317,0.123-0.794,0.27-1.671,0.31c-0.949,0.043-1.233,0.052-3.637,0.052 s-2.688-0.009-3.637-0.052c-0.877-0.04-1.354-0.187-1.671-0.31c-0.42-0.163-0.72-0.358-1.035-0.673 c-0.315-0.315-0.51-0.615-0.673-1.035c-0.123-0.317-0.27-0.794-0.31-1.671C4.631,14.688,4.622,14.403,4.622,12 s0.009-2.688,0.052-3.637c0.04-0.877,0.187-1.354,0.31-1.671c0.163-0.42,0.358-0.72,0.673-1.035 c0.315-0.315,0.615-0.51,1.035-0.673c0.317-0.123,0.794-0.27,1.671-0.31C9.312,4.631,9.597,4.622,12,4.622 M12,3 C9.556,3,9.249,3.01,8.289,3.054C7.331,3.098,6.677,3.25,6.105,3.472C5.513,3.702,5.011,4.01,4.511,4.511 c-0.5,0.5-0.808,1.002-1.038,1.594C3.25,6.677,3.098,7.331,3.054,8.289C3.01,9.249,3,9.556,3,12c0,2.444,0.01,2.751,0.054,3.711 c0.044,0.958,0.196,1.612,0.418,2.185c0.23,0.592,0.538,1.094,1.038,1.594c0.5,0.5,1.002,0.808,1.594,1.038 c0.572,0.222,1.227,0.375,2.185,0.418C9.249,20.99,9.556,21,12,21s2.751-0.01,3.711-0.054c0.958-0.044,1.612-0.196,2.185-0.418 c0.592-0.23,1.094-0.538,1.594-1.038c0.5-0.5,0.808-1.002,1.038-1.594c0.222-0.572,0.375-1.227,0.418-2.185 C20.99,14.751,21,14.444,21,12s-0.01-2.751-0.054-3.711c-0.044-0.958-0.196-1.612-0.418-2.185c-0.23-0.592-0.538-1.094-1.038-1.594 c-0.5-0.5-1.002-0.808-1.594-1.038c-0.572-0.222-1.227-0.375-2.185-0.418C14.751,3.01,14.444,3,12,3L12,3z M12,7.378 c-2.552,0-4.622,2.069-4.622,4.622S9.448,16.622,12,16.622s4.622-2.069,4.622-4.622S14.552,7.378,12,7.378z M12,15 c-1.657,0-3-1.343-3-3s1.343-3,3-3s3,1.343,3,3S13.657,15,12,15z M16.804,6.116c-0.596,0-1.08,0.484-1.08,1.08 s0.484,1.08,1.08,1.08c0.596,0,1.08-0.484,1.08-1.08S17.401,6.116,16.804,6.116z\"><\/path><\/svg><span class=\"wp-block-social-link-label screen-reader-text\">Instagram<\/span><\/a><\/li>\n\n<li class=\"wp-social-link wp-social-link-tiktok  wp-block-social-link\"><a href=\"https:\/\/www.tiktok.com\/@thelittlenest.ok?_r=1&#038;_t=ZN-94XorLM34T5\" class=\"wp-block-social-link-anchor\"><svg width=\"24\" height=\"24\" viewbox=\"0 0 32 32\" version=\"1.1\" xmlns=\"http:\/\/www.w3.org\/2000\/svg\" aria-hidden=\"true\" focusable=\"false\"><path d=\"M16.708 0.027c1.745-0.027 3.48-0.011 5.213-0.027 0.105 2.041 0.839 4.12 2.333 5.563 1.491 1.479 3.6 2.156 5.652 2.385v5.369c-1.923-0.063-3.855-0.463-5.6-1.291-0.76-0.344-1.468-0.787-2.161-1.24-0.009 3.896 0.016 7.787-0.025 11.667-0.104 1.864-0.719 3.719-1.803 5.255-1.744 2.557-4.771 4.224-7.88 4.276-1.907 0.109-3.812-0.411-5.437-1.369-2.693-1.588-4.588-4.495-4.864-7.615-0.032-0.667-0.043-1.333-0.016-1.984 0.24-2.537 1.495-4.964 3.443-6.615 2.208-1.923 5.301-2.839 8.197-2.297 0.027 1.975-0.052 3.948-0.052 5.923-1.323-0.428-2.869-0.308-4.025 0.495-0.844 0.547-1.485 1.385-1.819 2.333-0.276 0.676-0.197 1.427-0.181 2.145 0.317 2.188 2.421 4.027 4.667 3.828 1.489-0.016 2.916-0.88 3.692-2.145 0.251-0.443 0.532-0.896 0.547-1.417 0.131-2.385 0.079-4.76 0.095-7.145 0.011-5.375-0.016-10.735 0.025-16.093z\" \/><\/svg><span class=\"wp-block-social-link-label screen-reader-text\">TikTok<\/span><\/a><\/li><\/ul>\n<\/div>\n<\/div>\n<\/div>\n<\/div>\n<\/div>\n<\/div>\n\n\n\n<p><\/p>","protected":false},"excerpt":{"rendered":"<p>SobreThe Little Nest Un nido de sue\u00f1os y experiencias Somos una pareja de so\u00f1adores, emprendedores y, sobre todo, apasionados por crear algo que marque la diferencia. Juntos hemos explorado diferentes mundos empresariales y hemos aprendido de cada reto. Pero hubo un \u00e1mbito que nos dej\u00f3 una huella indeleble: el universo de los m\u00e1s peque\u00f1os.Durante a\u00f1os, [&hellip;]<\/p>\n","protected":false},"author":2,"featured_media":0,"parent":0,"menu_order":0,"comment_status":"closed","ping_status":"closed","template":"","meta":{"_glsr_average":0,"_glsr_ranking":0,"_glsr_reviews":0,"footnotes":""},"class_list":["post-878","page","type-page","status-publish","hentry"],"_links":{"self":[{"href":"https:\/\/thelittlenest.eu\/en\/wp-json\/wp\/v2\/pages\/878","targetHints":{"allow":["GET"]}}],"collection":[{"href":"https:\/\/thelittlenest.eu\/en\/wp-json\/wp\/v2\/pages"}],"about":[{"href":"https:\/\/thelittlenest.eu\/en\/wp-json\/wp\/v2\/types\/page"}],"author":[{"embeddable":true,"href":"https:\/\/thelittlenest.eu\/en\/wp-json\/wp\/v2\/users\/2"}],"replies":[{"embeddable":true,"href":"https:\/\/thelittlenest.eu\/en\/wp-json\/wp\/v2\/comments?post=878"}],"version-history":[{"count":261,"href":"https:\/\/thelittlenest.eu\/en\/wp-json\/wp\/v2\/pages\/878\/revisions"}],"predecessor-version":[{"id":2187,"href":"https:\/\/thelittlenest.eu\/en\/wp-json\/wp\/v2\/pages\/878\/revisions\/2187"}],"wp:attachment":[{"href":"https:\/\/thelittlenest.eu\/en\/wp-json\/wp\/v2\/media?parent=878"}],"curies":[{"name":"wp","href":"https:\/\/api.w.org\/{rel}","templated":true}]}}